{"id":38,"date":"2025-01-30T09:23:58","date_gmt":"2025-01-30T09:23:58","guid":{"rendered":"https:\/\/designbyjk.co.uk\/a-propos-de-la-societe\/"},"modified":"2025-01-30T15:39:10","modified_gmt":"2025-01-30T15:39:10","slug":"a-propos-de-la-societe","status":"publish","type":"page","link":"https:\/\/designbyjk.co.uk\/ro\/a-propos-de-la-societe\/","title":{"rendered":"Despre companie"},"content":{"rendered":"<p>Bine a\u021bi venit la DesignByJK, blogul vostru de mod\u0103 suprem, unde pasiunea pentru haine \u00eent\u00e2lne\u0219te cele mai recente tendin\u021be din lumea modei. Aici, credem c\u0103 fiecare \u021binut\u0103 spune o poveste \u0219i suntem aici pentru a v\u0103 inspira s\u0103 g\u0103si\u021bi stilul perfect. Fie c\u0103 sunte\u021bi \u00een c\u0103utarea celor mai recente tendin\u021be, a unor sfaturi practice pentru a v\u0103 crea \u021binutele sau a unor trucuri inteligente pentru cump\u0103r\u0103turi, v\u0103 putem ajuta.<\/p>\n<p><img loading=\"lazy\" decoding=\"async\" class=\"aligncenter wp-image-44 size-full\" src=\"https:\/\/designbyjk.co.uk\/wp-content\/uploads\/2025\/01\/photo-new.jpg\" alt=\"\" width=\"612\" height=\"407\" srcset=\"https:\/\/designbyjk.co.uk\/wp-content\/uploads\/2025\/01\/photo-new.jpg 612w, https:\/\/designbyjk.co.uk\/wp-content\/uploads\/2025\/01\/photo-new-300x200.jpg 300w\" sizes=\"auto, (max-width: 612px) 100vw, 612px\" \/><\/p>\n<h2>Ce ve\u021bi g\u0103si pe blogul nostru:<\/h2>\n<ul>\n<li><strong>Tendin\u021be actuale<\/strong> Fii mereu la curent cu cele mai recente \u0219tiri din mod\u0103.<\/li>\n<li><strong>Sfaturi de stil<\/strong> \u00cenva\u021b\u0103 cum s\u0103 combini piesele potrivite pentru a crea look-uri unice \u0219i elegante.<\/li>\n<li><strong>Ghiduri de cump\u0103r\u0103turi<\/strong> Afl\u0103 de unde po\u021bi cump\u0103ra cele mai bune piese la pre\u021buri accesibile.<\/li>\n<li><strong>Interviuri \u0219i recenzii<\/strong> Citi\u021bi interviuri cu exper\u021bi \u00een mod\u0103 \u0219i recenzii ale m\u0103rcilor \u0219i colec\u021biilor.<\/li>\n<\/ul>\n<p>Scopul nostru este s\u0103 v\u0103 oferim con\u021binut bogat \u0219i inspira\u021bional, care s\u0103 v\u0103 ajute s\u0103 naviga\u021bi \u00een lumea dinamic\u0103 a modei cu \u00eencredere \u0219i creativitate.<\/p>","protected":false},"excerpt":{"rendered":"<p>Bine a\u021bi venit la DesignByJK, blogul vostru de mod\u0103 suprem, unde pasiunea pentru haine \u00eent\u00e2lne\u0219te cele mai recente tendin\u021be din lumea modei. Aici, credem c\u0103 fiecare \u021binut\u0103 spune o poveste \u0219i suntem aici pentru a v\u0103 inspira s\u0103 g\u0103si\u021bi stilul care vi se potrive\u0219te. Fie c\u0103 sunte\u021bi \u00een c\u0103utarea celor mai recente tendin\u021be, [\u2026]<\/p>","protected":false},"author":1,"featured_media":0,"parent":0,"menu_order":0,"comment_status":"closed","ping_status":"closed","template":"","meta":{"_acf_changed":false,"footnotes":""},"class_list":["post-38","page","type-page","status-publish","hentry"],"acf":[],"yoast_head":"<!-- This site is optimized with the Yoast SEO plugin v23.2 - https:\/\/yoast.com\/wordpress\/plugins\/seo\/ -->\n<title>\u00c0 propos de nous - Blog Mode DesignByJK<\/title>\n<meta name=\"description\" content=\"D\u00e9couvrez notre blog de mode avec des articles sur les derni\u00e8res tendances, les conseils de style et bien plus encore pour inspirer vos looks quotidiens.\" \/>\n<meta name=\"robots\" content=\"index, follow, max-snippet:-1, max-image-preview:large, max-video-preview:-1\" \/>\n<link rel=\"canonical\" href=\"https:\/\/designbyjk.co.uk\/ro\/a-propos-de-la-societe\/\" \/>\n<meta property=\"og:locale\" content=\"ro_RO\" \/>\n<meta property=\"og:type\" content=\"article\" \/>\n<meta property=\"og:title\" content=\"\u00c0 propos de nous - Blog Mode DesignByJK\" \/>\n<meta property=\"og:description\" content=\"D\u00e9couvrez notre blog de mode avec des articles sur les derni\u00e8res tendances, les conseils de style et bien plus encore pour inspirer vos looks quotidiens.\" \/>\n<meta property=\"og:url\" content=\"https:\/\/designbyjk.co.uk\/ro\/a-propos-de-la-societe\/\" \/>\n<meta property=\"og:site_name\" content=\"designbyjk.co.uk\" \/>\n<meta property=\"article:modified_time\" content=\"2025-01-30T15:39:10+00:00\" \/>\n<meta property=\"og:image\" content=\"https:\/\/designbyjk.co.uk\/wp-content\/uploads\/2025\/01\/photo-new.jpg\" \/>\n<meta name=\"twitter:card\" content=\"summary_large_image\" \/>\n<meta name=\"twitter:label1\" content=\"Timp estimat pentru citire\" \/>\n\t<meta name=\"twitter:data1\" content=\"2 minute\" \/>\n<script type=\"application\/ld+json\" class=\"yoast-schema-graph\">{\"@context\":\"https:\/\/schema.org\",\"@graph\":[{\"@type\":\"WebPage\",\"@id\":\"https:\/\/designbyjk.co.uk\/a-propos-de-la-societe\/\",\"url\":\"https:\/\/designbyjk.co.uk\/a-propos-de-la-societe\/\",\"name\":\"\u00c0 propos de nous - Blog Mode DesignByJK\",\"isPartOf\":{\"@id\":\"https:\/\/designbyjk.co.uk\/#website\"},\"primaryImageOfPage\":{\"@id\":\"https:\/\/designbyjk.co.uk\/a-propos-de-la-societe\/#primaryimage\"},\"image\":{\"@id\":\"https:\/\/designbyjk.co.uk\/a-propos-de-la-societe\/#primaryimage\"},\"thumbnailUrl\":\"https:\/\/designbyjk.co.uk\/wp-content\/uploads\/2025\/01\/photo-new.jpg\",\"datePublished\":\"2025-01-30T09:23:58+00:00\",\"dateModified\":\"2025-01-30T15:39:10+00:00\",\"description\":\"D\u00e9couvrez notre blog de mode avec des articles sur les derni\u00e8res tendances, les conseils de style et bien plus encore pour inspirer vos looks quotidiens.\",\"breadcrumb\":{\"@id\":\"https:\/\/designbyjk.co.uk\/a-propos-de-la-societe\/#breadcrumb\"},\"inLanguage\":\"ro-RO\",\"potentialAction\":[{\"@type\":\"ReadAction\",\"target\":[\"https:\/\/designbyjk.co.uk\/a-propos-de-la-societe\/\"]}]},{\"@type\":\"ImageObject\",\"inLanguage\":\"ro-RO\",\"@id\":\"https:\/\/designbyjk.co.uk\/a-propos-de-la-societe\/#primaryimage\",\"url\":\"https:\/\/designbyjk.co.uk\/wp-content\/uploads\/2025\/01\/photo-new.jpg\",\"contentUrl\":\"https:\/\/designbyjk.co.uk\/wp-content\/uploads\/2025\/01\/photo-new.jpg\"},{\"@type\":\"BreadcrumbList\",\"@id\":\"https:\/\/designbyjk.co.uk\/a-propos-de-la-societe\/#breadcrumb\",\"itemListElement\":[{\"@type\":\"ListItem\",\"position\":1,\"name\":\"Home\",\"item\":\"https:\/\/designbyjk.co.uk\/\"},{\"@type\":\"ListItem\",\"position\":2,\"name\":\"\u00c0 propos de la soci\u00e9t\u00e9\"}]},{\"@type\":\"WebSite\",\"@id\":\"https:\/\/designbyjk.co.uk\/#website\",\"url\":\"https:\/\/designbyjk.co.uk\/\",\"name\":\"designbyjk.co.uk\",\"description\":\"Mode et Tendances | Inspirations et Conseils Vestimentaires\",\"potentialAction\":[{\"@type\":\"SearchAction\",\"target\":{\"@type\":\"EntryPoint\",\"urlTemplate\":\"https:\/\/designbyjk.co.uk\/?s={search_term_string}\"},\"query-input\":\"required name=search_term_string\"}],\"inLanguage\":\"ro-RO\"}]}<\/script>\n<!-- \/ Yoast SEO plugin. -->","yoast_head_json":{"title":"\u00c0 propos de nous - Blog Mode DesignByJK","description":"D\u00e9couvrez notre blog de mode avec des articles sur les derni\u00e8res tendances, les conseils de style et bien plus encore pour inspirer vos looks quotidiens.","robots":{"index":"index","follow":"follow","max-snippet":"max-snippet:-1","max-image-preview":"max-image-preview:large","max-video-preview":"max-video-preview:-1"},"canonical":"https:\/\/designbyjk.co.uk\/ro\/a-propos-de-la-societe\/","og_locale":"ro_RO","og_type":"article","og_title":"\u00c0 propos de nous - Blog Mode DesignByJK","og_description":"D\u00e9couvrez notre blog de mode avec des articles sur les derni\u00e8res tendances, les conseils de style et bien plus encore pour inspirer vos looks quotidiens.","og_url":"https:\/\/designbyjk.co.uk\/ro\/a-propos-de-la-societe\/","og_site_name":"designbyjk.co.uk","article_modified_time":"2025-01-30T15:39:10+00:00","og_image":[{"url":"https:\/\/designbyjk.co.uk\/wp-content\/uploads\/2025\/01\/photo-new.jpg"}],"twitter_card":"summary_large_image","twitter_misc":{"Timp estimat pentru citire":"2 minute"},"schema":{"@context":"https:\/\/schema.org","@graph":[{"@type":"WebPage","@id":"https:\/\/designbyjk.co.uk\/a-propos-de-la-societe\/","url":"https:\/\/designbyjk.co.uk\/a-propos-de-la-societe\/","name":"\u00c0 propos de nous - Blog Mode DesignByJK","isPartOf":{"@id":"https:\/\/designbyjk.co.uk\/#website"},"primaryImageOfPage":{"@id":"https:\/\/designbyjk.co.uk\/a-propos-de-la-societe\/#primaryimage"},"image":{"@id":"https:\/\/designbyjk.co.uk\/a-propos-de-la-societe\/#primaryimage"},"thumbnailUrl":"https:\/\/designbyjk.co.uk\/wp-content\/uploads\/2025\/01\/photo-new.jpg","datePublished":"2025-01-30T09:23:58+00:00","dateModified":"2025-01-30T15:39:10+00:00","description":"D\u00e9couvrez notre blog de mode avec des articles sur les derni\u00e8res tendances, les conseils de style et bien plus encore pour inspirer vos looks quotidiens.","breadcrumb":{"@id":"https:\/\/designbyjk.co.uk\/a-propos-de-la-societe\/#breadcrumb"},"inLanguage":"ro-RO","potentialAction":[{"@type":"ReadAction","target":["https:\/\/designbyjk.co.uk\/a-propos-de-la-societe\/"]}]},{"@type":"ImageObject","inLanguage":"ro-RO","@id":"https:\/\/designbyjk.co.uk\/a-propos-de-la-societe\/#primaryimage","url":"https:\/\/designbyjk.co.uk\/wp-content\/uploads\/2025\/01\/photo-new.jpg","contentUrl":"https:\/\/designbyjk.co.uk\/wp-content\/uploads\/2025\/01\/photo-new.jpg"},{"@type":"BreadcrumbList","@id":"https:\/\/designbyjk.co.uk\/a-propos-de-la-societe\/#breadcrumb","itemListElement":[{"@type":"ListItem","position":1,"name":"Home","item":"https:\/\/designbyjk.co.uk\/"},{"@type":"ListItem","position":2,"name":"\u00c0 propos de la soci\u00e9t\u00e9"}]},{"@type":"WebSite","@id":"https:\/\/designbyjk.co.uk\/#website","url":"https:\/\/designbyjk.co.uk\/","name":"designbyjk.co.uk","description":"Mode et Tendances | Inspirations et Conseils Vestimentaires","potentialAction":[{"@type":"SearchAction","target":{"@type":"EntryPoint","urlTemplate":"https:\/\/designbyjk.co.uk\/?s={search_term_string}"},"query-input":"required name=search_term_string"}],"inLanguage":"ro-RO"}]}},"yoast_meta":{"yoast_wpseo_title":"","yoast_wpseo_metadesc":"","yoast_wpseo_canonical":"https:\/\/designbyjk.co.uk\/ro\/wp-json\/wp\/v2\/pages\/38"},"_links":{"self":[{"href":"https:\/\/designbyjk.co.uk\/ro\/wp-json\/wp\/v2\/pages\/38","targetHints":{"allow":["GET"]}}],"collection":[{"href":"https:\/\/designbyjk.co.uk\/ro\/wp-json\/wp\/v2\/pages"}],"about":[{"href":"https:\/\/designbyjk.co.uk\/ro\/wp-json\/wp\/v2\/types\/page"}],"author":[{"embeddable":true,"href":"https:\/\/designbyjk.co.uk\/ro\/wp-json\/wp\/v2\/users\/1"}],"replies":[{"embeddable":true,"href":"https:\/\/designbyjk.co.uk\/ro\/wp-json\/wp\/v2\/comments?post=38"}],"version-history":[{"count":1,"href":"https:\/\/designbyjk.co.uk\/ro\/wp-json\/wp\/v2\/pages\/38\/revisions"}],"predecessor-version":[{"id":45,"href":"https:\/\/designbyjk.co.uk\/ro\/wp-json\/wp\/v2\/pages\/38\/revisions\/45"}],"wp:attachment":[{"href":"https:\/\/designbyjk.co.uk\/ro\/wp-json\/wp\/v2\/media?parent=38"}],"curies":[{"name":"wp","href":"https:\/\/api.w.org\/{rel}","templated":true}]}}