{"id":3,"date":"2021-12-21T10:05:49","date_gmt":"2021-12-21T10:05:49","guid":{"rendered":"https:\/\/designbyjk.co.uk\/\/?page_id=3"},"modified":"2025-01-30T15:41:48","modified_gmt":"2025-01-30T15:41:48","slug":"privacy-policy","status":"publish","type":"page","link":"https:\/\/designbyjk.co.uk\/ro\/privacy-policy\/","title":{"rendered":"Confiden\u021bialitate"},"content":{"rendered":"<br \/>\n<section>\n<h2>1. Introducere<\/h2>\n<p>Bine a\u021bi venit la <strong>designbyjk.co.uk<\/strong>Trat\u0103m cu mare seriozitate confiden\u021bialitatea datelor dumneavoastr\u0103 cu caracter personal. Aceast\u0103 politic\u0103 de confiden\u021bialitate explic\u0103 ce informa\u021bii colect\u0103m, cum le utiliz\u0103m \u0219i drepturile dumneavoastr\u0103 cu privire la datele dumneavoastr\u0103.<\/p>\n<\/section>\n<section>\n<h2>2. Colectarea informa\u021biilor<\/h2>\n<p>Este posibil s\u0103 colect\u0103m urm\u0103toarele tipuri de date:<\/p>\n<ul>\n<li><strong>Date personale:<\/strong> Nume, adres\u0103 de e-mail, num\u0103r de telefon, adres\u0103 po\u0219tal\u0103 (dac\u0103 este cazul).<\/li>\n<li><strong>Date tehnice:<\/strong> Adres\u0103 IP, tip de browser, sistem de operare.<\/li>\n<li><strong>Date de utilizare:<\/strong> Pagini vizitate, durata vizitei, interac\u021biuni pe site.<\/li>\n<li><strong>Cookie-uri \u0219i date de urm\u0103rire:<\/strong> Consulta\u021bi sec\u021biunea 4 pentru mai multe informa\u021bii.<\/li>\n<\/ul>\n<\/section>\n<section>\n<h2>3. Utilizarea datelor<\/h2>\n<p>Folosim datele colectate pentru:<\/p>\n<ul>\n<li>Pentru a oferi \u0219i \u00eembun\u0103t\u0103\u021bi serviciile noastre.<\/li>\n<li>Comunic\u0103m cu dumneavoastr\u0103 \u0219i r\u0103spundem solicit\u0103rilor dumneavoastr\u0103.<\/li>\n<li>Analiza \u0219i optimizarea performan\u021bei site-ului (cu consim\u021b\u0103m\u00e2ntul dumneavoastr\u0103).<\/li>\n<li>Asigura\u021bi securitatea \u0219i buna func\u021bionare a site-ului.<\/li>\n<\/ul>\n<\/section>\n<section>\n<h2>4. Cookie-uri<\/h2>\n<p>Site-ul nostru web folose\u0219te cookie-uri pentru a \u00eembun\u0103t\u0103\u021bi experien\u021ba utilizatorului. Pute\u021bi gestiona preferin\u021bele privind cookie-urile prin set\u0103rile browserului dvs. V\u0103 rug\u0103m s\u0103 re\u021bine\u021bi c\u0103 dezactivarea cookie-urilor poate afecta anumite func\u021bionalit\u0103\u021bi ale site-ului web.<\/p>\n<\/section>\n<section>\n<h2>5. Partajarea informa\u021biilor cu ter\u021be p\u0103r\u021bi<\/h2>\n<p>\u00cemp\u0103rt\u0103\u0219im datele dumneavoastr\u0103 cu caracter personal doar \u00een urm\u0103toarele condi\u021bii:<\/p>\n<ul>\n<li>Dac\u0103 acest lucru este necesar pentru a v\u0103 furniza serviciile.<\/li>\n<li>Dac\u0103 suntem obliga\u021bi prin lege s\u0103 facem acest lucru.<\/li>\n<li>Dac\u0103 v-a\u021bi dat consim\u021b\u0103m\u00e2ntul explicit.<\/li>\n<\/ul>\n<\/section>\n<section>\n<h2>6. Securitatea datelor<\/h2>\n<p>Implement\u0103m m\u0103suri tehnice \u0219i organizatorice adecvate pentru a v\u0103 proteja datele. Cu toate acestea, niciun sistem nu este complet sigur \u0219i nu putem garanta securitatea absolut\u0103.<\/p>\n<\/section>\n<section>\n<h2>7. Drepturile utilizatorilor<\/h2>\n<p>Ave\u021bi urm\u0103toarele drepturi cu privire la datele dumneavoastr\u0103 cu caracter personal:<\/p>\n<ul>\n<li>Dreptul de acces la datele dumneavoastr\u0103.<\/li>\n<li>Dreptul de a rectifica sau \u0219terge datele dumneavoastr\u0103.<\/li>\n<li>Dreptul de a v\u0103 opune prelucr\u0103rii datelor dumneavoastr\u0103.<\/li>\n<li>Dreptul de a v\u0103 retrage consim\u021b\u0103m\u00e2ntul \u00een orice moment.<\/li>\n<\/ul>\n<p>Pentru a exercita aceste drepturi, v\u0103 rug\u0103m s\u0103 ne contacta\u021bi folosind datele de contact de mai jos.<\/p>\n<\/section>\n<section>\n<h2>8. Modific\u0103ri ale Politicii<\/h2>\n<p>Este posibil s\u0103 actualiz\u0103m aceast\u0103 politic\u0103 de confiden\u021bialitate \u00een orice moment. V\u0103 recomand\u0103m s\u0103 verifica\u021bi aceast\u0103 pagin\u0103 \u00een mod regulat pentru a fi la curent cu orice modific\u0103ri.<\/p>\n<\/section>\n<section>\n<h2>9. Contact<\/h2>\n<p>Dac\u0103 ave\u021bi \u00eentreb\u0103ri cu privire la aceast\u0103 Politic\u0103 de confiden\u021bialitate, ne pute\u021bi contacta la:<\/p>\n<p>E-mail: <a href=\"mailto:info@designbyjk.co.uk\">info@designbyjk.co.uk<\/a><\/p>\n<p>Site web: <a href=\"https:\/\/designbyjk.co.uk\/ro\/\">designbyjk.co.uk<\/a><\/p>\n<\/section>","protected":false},"excerpt":{"rendered":"<p>1. Introducere Bine a\u021bi venit pe designbyjk.co.uk. Trat\u0103m cu mare seriozitate confiden\u021bialitatea datelor dumneavoastr\u0103 cu caracter personal. Aceast\u0103 politic\u0103 de confiden\u021bialitate explic\u0103 ce informa\u021bii colect\u0103m, cum le utiliz\u0103m \u0219i care sunt drepturile dumneavoastr\u0103 cu privire la datele dumneavoastr\u0103. 2. Colectarea informa\u021biilor Putem colecta urm\u0103toarele tipuri de date: Date cu caracter personal: Nume, [\u2026]<\/p>","protected":false},"author":1,"featured_media":0,"parent":0,"menu_order":0,"comment_status":"closed","ping_status":"open","template":"","meta":{"_acf_changed":false,"footnotes":""},"class_list":["post-3","page","type-page","status-publish","hentry"],"acf":[],"yoast_head":"<!-- This site is optimized with the Yoast SEO plugin v23.2 - https:\/\/yoast.com\/wordpress\/plugins\/seo\/ -->\n<title>Confidentialit\u00e9 - designbyjk.co.uk<\/title>\n<meta name=\"robots\" content=\"index, follow, max-snippet:-1, max-image-preview:large, max-video-preview:-1\" \/>\n<link rel=\"canonical\" href=\"https:\/\/designbyjk.co.uk\/ro\/privacy-policy\/\" \/>\n<meta property=\"og:locale\" content=\"ro_RO\" \/>\n<meta property=\"og:type\" content=\"article\" \/>\n<meta property=\"og:title\" content=\"Confidentialit\u00e9 - designbyjk.co.uk\" \/>\n<meta property=\"og:description\" content=\"1. Introduction Bienvenue sur designbyjk.co.uk. Nous accordons une grande importance \u00e0 la confidentialit\u00e9 de vos donn\u00e9es personnelles. Cette politique de confidentialit\u00e9 explique quelles informations nous collectons, comment nous les utilisons et quels sont vos droits concernant vos donn\u00e9es. 2. Collecte des informations Nous pouvons collecter les types de donn\u00e9es suivants : Donn\u00e9es personnelles : Nom, [&hellip;]\" \/>\n<meta property=\"og:url\" content=\"https:\/\/designbyjk.co.uk\/ro\/privacy-policy\/\" \/>\n<meta property=\"og:site_name\" content=\"designbyjk.co.uk\" \/>\n<meta property=\"article:modified_time\" content=\"2025-01-30T15:41:48+00:00\" \/>\n<meta name=\"twitter:card\" content=\"summary_large_image\" \/>\n<meta name=\"twitter:label1\" content=\"Timp estimat pentru citire\" \/>\n\t<meta name=\"twitter:data1\" content=\"2 minute\" \/>\n<script type=\"application\/ld+json\" class=\"yoast-schema-graph\">{\"@context\":\"https:\/\/schema.org\",\"@graph\":[{\"@type\":\"WebPage\",\"@id\":\"https:\/\/designbyjk.co.uk\/privacy-policy\/\",\"url\":\"https:\/\/designbyjk.co.uk\/privacy-policy\/\",\"name\":\"Confidentialit\u00e9 - designbyjk.co.uk\",\"isPartOf\":{\"@id\":\"https:\/\/designbyjk.co.uk\/#website\"},\"datePublished\":\"2021-12-21T10:05:49+00:00\",\"dateModified\":\"2025-01-30T15:41:48+00:00\",\"breadcrumb\":{\"@id\":\"https:\/\/designbyjk.co.uk\/privacy-policy\/#breadcrumb\"},\"inLanguage\":\"ro-RO\",\"potentialAction\":[{\"@type\":\"ReadAction\",\"target\":[\"https:\/\/designbyjk.co.uk\/privacy-policy\/\"]}]},{\"@type\":\"BreadcrumbList\",\"@id\":\"https:\/\/designbyjk.co.uk\/privacy-policy\/#breadcrumb\",\"itemListElement\":[{\"@type\":\"ListItem\",\"position\":1,\"name\":\"Home\",\"item\":\"https:\/\/designbyjk.co.uk\/\"},{\"@type\":\"ListItem\",\"position\":2,\"name\":\"Confidentialit\u00e9\"}]},{\"@type\":\"WebSite\",\"@id\":\"https:\/\/designbyjk.co.uk\/#website\",\"url\":\"https:\/\/designbyjk.co.uk\/\",\"name\":\"designbyjk.co.uk\",\"description\":\"Mode et Tendances | Inspirations et Conseils Vestimentaires\",\"potentialAction\":[{\"@type\":\"SearchAction\",\"target\":{\"@type\":\"EntryPoint\",\"urlTemplate\":\"https:\/\/designbyjk.co.uk\/?s={search_term_string}\"},\"query-input\":\"required name=search_term_string\"}],\"inLanguage\":\"ro-RO\"}]}<\/script>\n<!-- \/ Yoast SEO plugin. -->","yoast_head_json":{"title":"Confidentialit\u00e9 - designbyjk.co.uk","robots":{"index":"index","follow":"follow","max-snippet":"max-snippet:-1","max-image-preview":"max-image-preview:large","max-video-preview":"max-video-preview:-1"},"canonical":"https:\/\/designbyjk.co.uk\/ro\/privacy-policy\/","og_locale":"ro_RO","og_type":"article","og_title":"Confidentialit\u00e9 - designbyjk.co.uk","og_description":"1. Introduction Bienvenue sur designbyjk.co.uk. Nous accordons une grande importance \u00e0 la confidentialit\u00e9 de vos donn\u00e9es personnelles. Cette politique de confidentialit\u00e9 explique quelles informations nous collectons, comment nous les utilisons et quels sont vos droits concernant vos donn\u00e9es. 2. Collecte des informations Nous pouvons collecter les types de donn\u00e9es suivants : Donn\u00e9es personnelles : Nom, [&hellip;]","og_url":"https:\/\/designbyjk.co.uk\/ro\/privacy-policy\/","og_site_name":"designbyjk.co.uk","article_modified_time":"2025-01-30T15:41:48+00:00","twitter_card":"summary_large_image","twitter_misc":{"Timp estimat pentru citire":"2 minute"},"schema":{"@context":"https:\/\/schema.org","@graph":[{"@type":"WebPage","@id":"https:\/\/designbyjk.co.uk\/privacy-policy\/","url":"https:\/\/designbyjk.co.uk\/privacy-policy\/","name":"Confidentialit\u00e9 - designbyjk.co.uk","isPartOf":{"@id":"https:\/\/designbyjk.co.uk\/#website"},"datePublished":"2021-12-21T10:05:49+00:00","dateModified":"2025-01-30T15:41:48+00:00","breadcrumb":{"@id":"https:\/\/designbyjk.co.uk\/privacy-policy\/#breadcrumb"},"inLanguage":"ro-RO","potentialAction":[{"@type":"ReadAction","target":["https:\/\/designbyjk.co.uk\/privacy-policy\/"]}]},{"@type":"BreadcrumbList","@id":"https:\/\/designbyjk.co.uk\/privacy-policy\/#breadcrumb","itemListElement":[{"@type":"ListItem","position":1,"name":"Home","item":"https:\/\/designbyjk.co.uk\/"},{"@type":"ListItem","position":2,"name":"Confidentialit\u00e9"}]},{"@type":"WebSite","@id":"https:\/\/designbyjk.co.uk\/#website","url":"https:\/\/designbyjk.co.uk\/","name":"designbyjk.co.uk","description":"Mode et Tendances | Inspirations et Conseils Vestimentaires","potentialAction":[{"@type":"SearchAction","target":{"@type":"EntryPoint","urlTemplate":"https:\/\/designbyjk.co.uk\/?s={search_term_string}"},"query-input":"required name=search_term_string"}],"inLanguage":"ro-RO"}]}},"yoast_meta":{"yoast_wpseo_title":"","yoast_wpseo_metadesc":"","yoast_wpseo_canonical":"https:\/\/designbyjk.co.uk\/ro\/wp-json\/wp\/v2\/pages\/3"},"_links":{"self":[{"href":"https:\/\/designbyjk.co.uk\/ro\/wp-json\/wp\/v2\/pages\/3","targetHints":{"allow":["GET"]}}],"collection":[{"href":"https:\/\/designbyjk.co.uk\/ro\/wp-json\/wp\/v2\/pages"}],"about":[{"href":"https:\/\/designbyjk.co.uk\/ro\/wp-json\/wp\/v2\/types\/page"}],"author":[{"embeddable":true,"href":"https:\/\/designbyjk.co.uk\/ro\/wp-json\/wp\/v2\/users\/1"}],"replies":[{"embeddable":true,"href":"https:\/\/designbyjk.co.uk\/ro\/wp-json\/wp\/v2\/comments?post=3"}],"version-history":[{"count":1,"href":"https:\/\/designbyjk.co.uk\/ro\/wp-json\/wp\/v2\/pages\/3\/revisions"}],"predecessor-version":[{"id":46,"href":"https:\/\/designbyjk.co.uk\/ro\/wp-json\/wp\/v2\/pages\/3\/revisions\/46"}],"wp:attachment":[{"href":"https:\/\/designbyjk.co.uk\/ro\/wp-json\/wp\/v2\/media?parent=3"}],"curies":[{"name":"wp","href":"https:\/\/api.w.org\/{rel}","templated":true}]}}